{"id":20057,"date":"2024-06-24T15:36:16","date_gmt":"2024-06-24T15:36:16","guid":{"rendered":"https:\/\/dev.admissionaccomplie.fr\/notre-histoire\/"},"modified":"2024-08-15T18:53:52","modified_gmt":"2024-08-15T18:53:52","slug":"notre-histoire","status":"publish","type":"page","link":"https:\/\/dev.admissionaccomplie.fr\/fr\/notre-histoire\/","title":{"rendered":"Notre histoire"},"content":{"rendered":"\t\t<div data-elementor-type=\"wp-page\" data-elementor-id=\"20057\" class=\"elementor elementor-20057 elementor-18995\">\n\t\t\t\t\t\t<section class=\"elementor-section elementor-top-section elementor-element elementor-element-99ad0b5 thim-hello-there elementor-section-stretched elementor-reverse-mobile elementor-section-boxed elementor-section-height-default elementor-section-height-default\" data-id=\"99ad0b5\" data-element_type=\"section\" data-settings=\"{&quot;stretch_section&quot;:&quot;section-stretched&quot;,&quot;background_background&quot;:&quot;classic&quot;,&quot;ekit_has_onepagescroll_dot&quot;:&quot;yes&quot;}\">\n\t\t\t\t\t\t<div class=\"elementor-container elementor-column-gap-default\">\n\t\t\t\t\t<div class=\"elementor-column elementor-col-50 elementor-top-column elementor-element elementor-element-c679875\" data-id=\"c679875\" data-element_type=\"column\">\n\t\t\t<div class=\"elementor-widget-wrap elementor-element-populated\">\n\t\t\t\t\t\t<div class=\"elementor-element elementor-element-da125f0 elementor-widget elementor-widget-image\" data-id=\"da125f0\" data-element_type=\"widget\" data-settings=\"{&quot;ekit_we_effect_on&quot;:&quot;none&quot;}\" data-widget_type=\"image.default\">\n\t\t\t\t<div class=\"elementor-widget-container\">\n\t\t\t<style>\/*! elementor - v3.23.0 - 05-08-2024 *\/\n.elementor-widget-image{text-align:center}.elementor-widget-image a{display:inline-block}.elementor-widget-image a img[src$=\".svg\"]{width:48px}.elementor-widget-image img{vertical-align:middle;display:inline-block}<\/style>\t\t\t\t\t\t\t\t\t\t<img fetchpriority=\"high\" decoding=\"async\" width=\"640\" height=\"517\" src=\"https:\/\/dev.admissionaccomplie.fr\/wp-content\/uploads\/2024\/06\/Stephanie-and-Nikki-1-1024x827.jpg\" class=\"attachment-large size-large wp-image-18755\" alt=\"\" srcset=\"https:\/\/dev.admissionaccomplie.fr\/wp-content\/uploads\/2024\/06\/Stephanie-and-Nikki-1-1024x827.jpg 1024w, https:\/\/dev.admissionaccomplie.fr\/wp-content\/uploads\/2024\/06\/Stephanie-and-Nikki-1-300x242.jpg 300w, https:\/\/dev.admissionaccomplie.fr\/wp-content\/uploads\/2024\/06\/Stephanie-and-Nikki-1-768x621.jpg 768w, https:\/\/dev.admissionaccomplie.fr\/wp-content\/uploads\/2024\/06\/Stephanie-and-Nikki-1-600x485.jpg 600w, https:\/\/dev.admissionaccomplie.fr\/wp-content\/uploads\/2024\/06\/Stephanie-and-Nikki-1.jpg 1485w\" sizes=\"(max-width: 640px) 100vw, 640px\" \/>\t\t\t\t\t\t\t\t\t\t\t\t\t<\/div>\n\t\t\t\t<\/div>\n\t\t\t\t\t<\/div>\n\t\t<\/div>\n\t\t\t\t<div class=\"elementor-column elementor-col-50 elementor-top-column elementor-element elementor-element-e185fbf\" data-id=\"e185fbf\" data-element_type=\"column\">\n\t\t\t<div class=\"elementor-widget-wrap elementor-element-populated\">\n\t\t\t\t\t\t<div class=\"elementor-element elementor-element-c3b417f thim-ekits-heading-text-left thim-ekits-heading--mobiletext-center elementor-widget thim-ekits-heading elementor-widget-thim-heading\" data-id=\"c3b417f\" data-element_type=\"widget\" data-settings=\"{&quot;ekit_we_effect_on&quot;:&quot;none&quot;}\" data-widget_type=\"thim-heading.default\">\n\t\t\t\t<div class=\"elementor-widget-container\">\n\t\t\t<div class=\"sc_heading text-left\"><h2 class=\"title\">Notre histoire <\/h2><\/div>\t\t<\/div>\n\t\t\t\t<\/div>\n\t\t\t\t<div class=\"elementor-element elementor-element-1673f46 elementor-widget elementor-widget-text-editor\" data-id=\"1673f46\" data-element_type=\"widget\" data-settings=\"{&quot;ekit_we_effect_on&quot;:&quot;none&quot;}\" data-widget_type=\"text-editor.default\">\n\t\t\t\t<div class=\"elementor-widget-container\">\n\t\t\t<style>\/*! elementor - v3.23.0 - 05-08-2024 *\/\n.elementor-widget-text-editor.elementor-drop-cap-view-stacked .elementor-drop-cap{background-color:#69727d;color:#fff}.elementor-widget-text-editor.elementor-drop-cap-view-framed .elementor-drop-cap{color:#69727d;border:3px solid;background-color:transparent}.elementor-widget-text-editor:not(.elementor-drop-cap-view-default) .elementor-drop-cap{margin-top:8px}.elementor-widget-text-editor:not(.elementor-drop-cap-view-default) .elementor-drop-cap-letter{width:1em;height:1em}.elementor-widget-text-editor .elementor-drop-cap{float:left;text-align:center;line-height:1;font-size:50px}.elementor-widget-text-editor .elementor-drop-cap-letter{display:inline-block}<\/style>\t\t\t\t<p>St\u00e9phanie et Nikki ont grandi dans une famille mobile \u00e0 l&#8217;international avant de choisir la France comme leur foyer. Apr\u00e8s avoir aid\u00e9 leurs propres enfants \u00e0 faire la transition du lyc\u00e9e vers l&#8217;enseignement sup\u00e9rieur, elles ont fond\u00e9 Admission Accomplie en 2012 pour soutenir les \u00e9tudiants postulant aux universit\u00e9s anglophones. En 2024, constatant la n\u00e9cessit\u00e9 d&#8217;une intervention plus pr\u00e9coce, elles ont lanc\u00e9 leur Acad\u00e9mie, offrant des conseils personnalis\u00e9s aux \u00e9l\u00e8ves d\u00e8s l&#8217;\u00e2ge de 13 ans sur les objectifs acad\u00e9miques, la croissance personnelle et l&#8217;enrichissement.<br \/>Leurs exp\u00e9riences d&#8217;\u00e9tudes dans diff\u00e9rents syst\u00e8mes et langues permettent \u00e0 Nikki et St\u00e9phanie de se connecter profond\u00e9ment avec des \u00e9tudiants de tous horizons dont les ambitions ne connaissent pas de limites.   <\/p>\n\t\t\t\t\t\t<\/div>\n\t\t\t\t<\/div>\n\t\t\t\t\t<\/div>\n\t\t<\/div>\n\t\t\t\t\t<\/div>\n\t\t<\/section>\n\t\t\t\t<\/div>\n\t\t","protected":false},"excerpt":{"rendered":"<p>Notre histoire St\u00e9phanie et Nikki ont grandi dans une famille mobile \u00e0 l&#8217;international avant de choisir la France comme leur foyer. Apr\u00e8s avoir aid\u00e9 leurs propres enfants \u00e0 faire la transition du lyc\u00e9e vers l&#8217;enseignement sup\u00e9rieur, elles ont fond\u00e9 Admission &hellip; <\/p>\n","protected":false},"author":1,"featured_media":0,"parent":0,"menu_order":0,"comment_status":"closed","ping_status":"closed","template":"elementor_header_footer","meta":{"footnotes":""},"class_list":["post-20057","page","type-page","status-publish","hentry"],"_links":{"self":[{"href":"https:\/\/dev.admissionaccomplie.fr\/fr\/wp-json\/wp\/v2\/pages\/20057"}],"collection":[{"href":"https:\/\/dev.admissionaccomplie.fr\/fr\/wp-json\/wp\/v2\/pages"}],"about":[{"href":"https:\/\/dev.admissionaccomplie.fr\/fr\/wp-json\/wp\/v2\/types\/page"}],"author":[{"embeddable":true,"href":"https:\/\/dev.admissionaccomplie.fr\/fr\/wp-json\/wp\/v2\/users\/1"}],"replies":[{"embeddable":true,"href":"https:\/\/dev.admissionaccomplie.fr\/fr\/wp-json\/wp\/v2\/comments?post=20057"}],"version-history":[{"count":0,"href":"https:\/\/dev.admissionaccomplie.fr\/fr\/wp-json\/wp\/v2\/pages\/20057\/revisions"}],"wp:attachment":[{"href":"https:\/\/dev.admissionaccomplie.fr\/fr\/wp-json\/wp\/v2\/media?parent=20057"}],"curies":[{"name":"wp","href":"https:\/\/api.w.org\/{rel}","templated":true}]}}