{"id":20064,"date":"2024-06-24T17:06:34","date_gmt":"2024-06-24T17:06:34","guid":{"rendered":"https:\/\/dev.admissionaccomplie.fr\/lacademie\/"},"modified":"2024-08-15T21:18:48","modified_gmt":"2024-08-15T21:18:48","slug":"lacademie","status":"publish","type":"page","link":"https:\/\/dev.admissionaccomplie.fr\/fr\/nos-prestations\/lacademie\/","title":{"rendered":"L\u2019Acad\u00e9mie"},"content":{"rendered":"\t\t<div data-elementor-type=\"wp-page\" data-elementor-id=\"20064\" class=\"elementor elementor-20064 elementor-19045\">\n\t\t\t\t\t\t<section class=\"elementor-section elementor-top-section elementor-element elementor-element-aa2c63e elementor-section-boxed elementor-section-height-default elementor-section-height-default\" data-id=\"aa2c63e\" data-element_type=\"section\" data-settings=\"{&quot;background_background&quot;:&quot;classic&quot;,&quot;ekit_has_onepagescroll_dot&quot;:&quot;yes&quot;}\">\n\t\t\t\t\t\t\t<div class=\"elementor-background-overlay\"><\/div>\n\t\t\t\t\t\t\t<div class=\"elementor-container elementor-column-gap-default\">\n\t\t\t\t\t<div class=\"elementor-column elementor-col-50 elementor-top-column elementor-element elementor-element-67009e3\" data-id=\"67009e3\" data-element_type=\"column\">\n\t\t\t<div class=\"elementor-widget-wrap elementor-element-populated\">\n\t\t\t\t\t\t<div class=\"elementor-element elementor-element-8c53ae1 thim-ekits-heading-text-left thim-ekits-heading--mobiletext-center elementor-widget thim-ekits-heading elementor-widget-thim-heading\" data-id=\"8c53ae1\" data-element_type=\"widget\" data-settings=\"{&quot;ekit_we_effect_on&quot;:&quot;none&quot;}\" data-widget_type=\"thim-heading.default\">\n\t\t\t\t<div class=\"elementor-widget-container\">\n\t\t\t<div class=\"sc_heading text-left\"><h2 class=\"title\">ADMISSION ACCOMPLIE ACADEMIE \u2013<span style=\"color: #ffd677\">13ans +<\/span> <\/h2><div class=\"sub-heading\"><p>Nos programmes de l\u2019Acad\u00e9mie offrent un environnement de soutien et sans pression pour que les \u00e9l\u00e8ves puissent explorer leurs int\u00e9r\u00eats acad\u00e9miques et b\u00e9n\u00e9ficier d'exp\u00e9riences d'enrichissement motiv\u00e9es par des objectifs, qui inspirent l'engagement et encouragent la croissance personnelle. Avec un programme enseign\u00e9 en anglais, l'Acad\u00e9mie fonctionne parall\u00e8lement \u00e0 l'ann\u00e9e scolaire en petits groupes et propose une gamme de techniques d'apprentissage, notamment bas\u00e9es sur des projets, des interactions sociales et le multilinguisme. Votre enfant d\u00e9veloppera des comp\u00e9tences critiques qui lui donneront une longueur d'avance \u00e0 mesure qu'il grandira et envisagera ses futurs objectifs acad\u00e9miques.<\/p>\n<\/div><\/div>\t\t<\/div>\n\t\t\t\t<\/div>\n\t\t\t\t\t<\/div>\n\t\t<\/div>\n\t\t\t\t<div class=\"elementor-column elementor-col-50 elementor-top-column elementor-element elementor-element-b34fcd6 elementor-invisible\" data-id=\"b34fcd6\" data-element_type=\"column\" data-settings=\"{&quot;animation&quot;:&quot;fadeInRight&quot;}\">\n\t\t\t<div class=\"elementor-widget-wrap elementor-element-populated\">\n\t\t\t\t\t\t<div class=\"elementor-element elementor-element-75ecff4 elementor-widget elementor-widget-image\" data-id=\"75ecff4\" data-element_type=\"widget\" data-settings=\"{&quot;ekit_we_effect_on&quot;:&quot;none&quot;}\" data-widget_type=\"image.default\">\n\t\t\t\t<div class=\"elementor-widget-container\">\n\t\t\t<style>\/*! elementor - v3.23.0 - 05-08-2024 *\/\n.elementor-widget-image{text-align:center}.elementor-widget-image a{display:inline-block}.elementor-widget-image a img[src$=\".svg\"]{width:48px}.elementor-widget-image img{vertical-align:middle;display:inline-block}<\/style>\t\t\t\t\t\t\t\t\t\t<img fetchpriority=\"high\" decoding=\"async\" width=\"640\" height=\"427\" src=\"https:\/\/dev.admissionaccomplie.fr\/wp-content\/uploads\/2024\/07\/shutterstock_1738498538-1-1024x683.jpg\" class=\"attachment-large size-large wp-image-19586\" alt=\"\" srcset=\"https:\/\/dev.admissionaccomplie.fr\/wp-content\/uploads\/2024\/07\/shutterstock_1738498538-1-1024x683.jpg 1024w, https:\/\/dev.admissionaccomplie.fr\/wp-content\/uploads\/2024\/07\/shutterstock_1738498538-1-300x200.jpg 300w, https:\/\/dev.admissionaccomplie.fr\/wp-content\/uploads\/2024\/07\/shutterstock_1738498538-1-768x512.jpg 768w, https:\/\/dev.admissionaccomplie.fr\/wp-content\/uploads\/2024\/07\/shutterstock_1738498538-1-1536x1024.jpg 1536w, https:\/\/dev.admissionaccomplie.fr\/wp-content\/uploads\/2024\/07\/shutterstock_1738498538-1-2048x1365.jpg 2048w, https:\/\/dev.admissionaccomplie.fr\/wp-content\/uploads\/2024\/07\/shutterstock_1738498538-1-600x400.jpg 600w\" sizes=\"(max-width: 640px) 100vw, 640px\" \/>\t\t\t\t\t\t\t\t\t\t\t\t\t<\/div>\n\t\t\t\t<\/div>\n\t\t\t\t\t<\/div>\n\t\t<\/div>\n\t\t\t\t\t<\/div>\n\t\t<\/section>\n\t\t\t\t<section class=\"elementor-section elementor-top-section elementor-element elementor-element-46ecb9b elementor-section-stretched elementor-hidden-tablet elementor-section-boxed elementor-section-height-default elementor-section-height-default\" data-id=\"46ecb9b\" data-element_type=\"section\" data-settings=\"{&quot;stretch_section&quot;:&quot;section-stretched&quot;,&quot;background_background&quot;:&quot;classic&quot;,&quot;ekit_has_onepagescroll_dot&quot;:&quot;yes&quot;}\">\n\t\t\t\t\t\t<div class=\"elementor-container elementor-column-gap-no\">\n\t\t\t\t\t<div class=\"elementor-column elementor-col-100 elementor-top-column elementor-element elementor-element-a044a82\" data-id=\"a044a82\" data-element_type=\"column\">\n\t\t\t<div class=\"elementor-widget-wrap elementor-element-populated\">\n\t\t\t\t\t\t<div class=\"elementor-element elementor-element-60658b5 thim-ekits-heading-text-center elementor-widget__width-initial elementor-widget thim-ekits-heading elementor-widget-thim-heading\" data-id=\"60658b5\" data-element_type=\"widget\" data-settings=\"{&quot;ekit_we_effect_on&quot;:&quot;none&quot;}\" data-widget_type=\"thim-heading.default\">\n\t\t\t\t<div class=\"elementor-widget-container\">\n\t\t\t<div class=\"sc_heading text-center\"><h2 class=\"title\">L\u2019Acad\u00e9mie <\/h2><div class=\"sub-heading\"><p>Initiation Accomplie et Pr\u00e9paration Accomplie sont des programmes con\u00e7us pour travailler avec les \u00e9l\u00e8ves de la 5\u00e8me \u00e0 la fin de la 2nde afin de poser les bases d'une candidature universitaire r\u00e9ussie. Nous travaillons individuellement avec chaque \u00e9l\u00e8ve pour les guider dans le d\u00e9veloppement de leurs int\u00e9r\u00eats et de leur r\u00e9ussite acad\u00e9mique. Les programmes offrent une approche vari\u00e9e de l'apprentissage, comprenant du coaching et du mentorat individuel pour les \u00e9l\u00e8ves et les parents, des ateliers de groupe et des conf\u00e9rences d'experts invit\u00e9s.<\/p>\n<\/div><\/div>\t\t<\/div>\n\t\t\t\t<\/div>\n\t\t\t\t<section class=\"elementor-section elementor-inner-section elementor-element elementor-element-305549a elementor-section-boxed elementor-section-height-default elementor-section-height-default\" data-id=\"305549a\" data-element_type=\"section\" data-settings=\"{&quot;ekit_has_onepagescroll_dot&quot;:&quot;yes&quot;}\">\n\t\t\t\t\t\t<div class=\"elementor-container elementor-column-gap-default\">\n\t\t\t\t\t<div class=\"elementor-column elementor-col-50 elementor-inner-column elementor-element elementor-element-15ab050 elementor-invisible\" data-id=\"15ab050\" data-element_type=\"column\" data-settings=\"{&quot;background_background&quot;:&quot;classic&quot;,&quot;animation&quot;:&quot;fadeInLeft&quot;}\">\n\t\t\t<div class=\"elementor-widget-wrap elementor-element-populated\">\n\t\t\t\t\t\t<div class=\"elementor-element elementor-element-278e2e0 iconbox-text-center elementor-widget elementor-widget-thim-icon-box\" data-id=\"278e2e0\" data-element_type=\"widget\" data-settings=\"{&quot;ekit_we_effect_on&quot;:&quot;none&quot;}\" data-widget_type=\"thim-icon-box.default\">\n\t\t\t\t<div class=\"elementor-widget-container\">\n\t\t\t<div class=\"thim-widget-icon-box\"><div class=\"wrapper-box-icon text-center \"><div class=\"smicon-box iconbox-top\"><div class=\"boxes-icon\"><span class=\"inner-icon\"><span class=\"icon\"><\/span><\/span><\/div><div class=\"content-inner\"><div class=\"sc-heading\"><h3 class=\"heading__primary\">Initiation Accomplie<br><span style=\"color: #ffd677;\">5\u00e8me  4\u00e8me<\/h3><\/div><div class=\"desc-icon-box\"><div class=\"desc-content\">Nous travaillons avec les \u00e9l\u00e8ves pour identifier leurs forces acad\u00e9miques et leurs domaines d'am\u00e9lioration, d\u00e9velopper de bonnes pratiques d'\u00e9tude, explorer diverses carri\u00e8res et planifier des exp\u00e9riences estivales r\u00e9ussies.<\/div><\/div><\/div><\/div><\/div><\/div>\t\t<\/div>\n\t\t\t\t<\/div>\n\t\t\t\t\t<\/div>\n\t\t<\/div>\n\t\t\t\t<div class=\"elementor-column elementor-col-50 elementor-inner-column elementor-element elementor-element-2982ee3 elementor-invisible\" data-id=\"2982ee3\" data-element_type=\"column\" data-settings=\"{&quot;background_background&quot;:&quot;classic&quot;,&quot;animation&quot;:&quot;fadeInRight&quot;}\">\n\t\t\t<div class=\"elementor-widget-wrap elementor-element-populated\">\n\t\t\t\t\t\t<div class=\"elementor-element elementor-element-bae4f96 iconbox-text-center elementor-widget elementor-widget-thim-icon-box\" data-id=\"bae4f96\" data-element_type=\"widget\" data-settings=\"{&quot;ekit_we_effect_on&quot;:&quot;none&quot;}\" data-widget_type=\"thim-icon-box.default\">\n\t\t\t\t<div class=\"elementor-widget-container\">\n\t\t\t<div class=\"thim-widget-icon-box\"><div class=\"wrapper-box-icon text-center \"><div class=\"smicon-box iconbox-top\"><div class=\"boxes-icon\"><span class=\"inner-icon\"><span class=\"icon\"><\/span><\/span><\/div><div class=\"content-inner\"><div class=\"sc-heading\"><h3 class=\"heading__primary\">Pr\u00e9paration Accomplie<br><span style=\"color: #ffd677;\">3\u00e8me 2nde<\/h3><\/div><div class=\"desc-icon-box\"><div class=\"desc-content\">En s'appuyant sur les bases de notre programme Initiation, nous identifions ici des opportunit\u00e9s de leadership, des programmes de b\u00e9n\u00e9volat, des projets de fin d'\u00e9tudes, des r\u00e9compenses acad\u00e9miques, des conf\u00e9rences et des concours pour \u00e9tudiants. Tous con\u00e7us pour distinguer l'\u00e9l\u00e8ve. <\/div><\/div><\/div><\/div><\/div><\/div>\t\t<\/div>\n\t\t\t\t<\/div>\n\t\t\t\t\t<\/div>\n\t\t<\/div>\n\t\t\t\t\t<\/div>\n\t\t<\/section>\n\t\t\t\t\t<\/div>\n\t\t<\/div>\n\t\t\t\t\t<\/div>\n\t\t<\/section>\n\t\t\t\t<section class=\"elementor-section elementor-top-section elementor-element elementor-element-ee9194d elementor-section-boxed elementor-section-height-default elementor-section-height-default\" data-id=\"ee9194d\" data-element_type=\"section\" data-settings=\"{&quot;background_background&quot;:&quot;classic&quot;,&quot;ekit_has_onepagescroll_dot&quot;:&quot;yes&quot;}\">\n\t\t\t\t\t\t\t<div class=\"elementor-background-overlay\"><\/div>\n\t\t\t\t\t\t\t<div class=\"elementor-container elementor-column-gap-default\">\n\t\t\t\t\t<div class=\"elementor-column elementor-col-50 elementor-top-column elementor-element elementor-element-a8c6730\" data-id=\"a8c6730\" data-element_type=\"column\">\n\t\t\t<div class=\"elementor-widget-wrap elementor-element-populated\">\n\t\t\t\t\t\t<div class=\"elementor-element elementor-element-0a78f4c elementor-widget elementor-widget-spacer\" data-id=\"0a78f4c\" data-element_type=\"widget\" data-settings=\"{&quot;ekit_we_effect_on&quot;:&quot;none&quot;}\" data-widget_type=\"spacer.default\">\n\t\t\t\t<div class=\"elementor-widget-container\">\n\t\t\t<style>\/*! elementor - v3.23.0 - 05-08-2024 *\/\n.elementor-column .elementor-spacer-inner{height:var(--spacer-size)}.e-con{--container-widget-width:100%}.e-con-inner>.elementor-widget-spacer,.e-con>.elementor-widget-spacer{width:var(--container-widget-width,var(--spacer-size));--align-self:var(--container-widget-align-self,initial);--flex-shrink:0}.e-con-inner>.elementor-widget-spacer>.elementor-widget-container,.e-con>.elementor-widget-spacer>.elementor-widget-container{height:100%;width:100%}.e-con-inner>.elementor-widget-spacer>.elementor-widget-container>.elementor-spacer,.e-con>.elementor-widget-spacer>.elementor-widget-container>.elementor-spacer{height:100%}.e-con-inner>.elementor-widget-spacer>.elementor-widget-container>.elementor-spacer>.elementor-spacer-inner,.e-con>.elementor-widget-spacer>.elementor-widget-container>.elementor-spacer>.elementor-spacer-inner{height:var(--container-widget-height,var(--spacer-size))}.e-con-inner>.elementor-widget-spacer.elementor-widget-empty,.e-con>.elementor-widget-spacer.elementor-widget-empty{position:relative;min-height:22px;min-width:22px}.e-con-inner>.elementor-widget-spacer.elementor-widget-empty .elementor-widget-empty-icon,.e-con>.elementor-widget-spacer.elementor-widget-empty .elementor-widget-empty-icon{position:absolute;top:0;bottom:0;left:0;right:0;margin:auto;padding:0;width:22px;height:22px}<\/style>\t\t<div class=\"elementor-spacer\">\n\t\t\t<div class=\"elementor-spacer-inner\"><\/div>\n\t\t<\/div>\n\t\t\t\t<\/div>\n\t\t\t\t<\/div>\n\t\t\t\t<div class=\"elementor-element elementor-element-33955ae thim-ekits-heading-text-left thim-ekits-heading--mobiletext-center elementor-widget thim-ekits-heading elementor-widget-thim-heading\" data-id=\"33955ae\" data-element_type=\"widget\" data-settings=\"{&quot;ekit_we_effect_on&quot;:&quot;none&quot;}\" data-widget_type=\"thim-heading.default\">\n\t\t\t\t<div class=\"elementor-widget-container\">\n\t\t\t<div class=\"sc_heading text-left\"><h4 class=\"title\">Nous avons des places limit\u00e9es pour notre Acad\u00e9mie 2024-2025. Pour plus d'informations, veuillez nous contacter par e-mail pour planifier un bref appel. <\/h4><\/div>\t\t<\/div>\n\t\t\t\t<\/div>\n\t\t\t\t<div class=\"elementor-element elementor-element-724649e elementor-widget elementor-widget-thim-ekits-header-info\" data-id=\"724649e\" data-element_type=\"widget\" data-settings=\"{&quot;ekit_we_effect_on&quot;:&quot;none&quot;}\" data-widget_type=\"thim-ekits-header-info.default\">\n\t\t\t\t<div class=\"elementor-widget-container\">\n\t\t\t\t\t<div class=\"header-info-swapper\">\n\t\t\t<ul class=\"thim-header-info\">\n\t\t\t\t\t\t\t\t\t\t<li>\n\t\t\t\t\t\t\t\t\t\t\t\t\t\t\t\t\t\t\t\t\t\t\t\t<span>\n\t\t\t\t\t\t\t\t\t<i aria-hidden=\"true\" class=\"tk tk-phone\"><\/i>\t\t\t\t\t\t\t\t<\/span>\n\t\t\t\t\t\t\t\t\n\t\t\t\t\t\t\t\t+33 6 13 26 49 15\n\t\t\t\t\t\t\t\t\t\t\t\t\t\t<\/li>\n\t\t\t\t\t\t\t\t\t\t\t\t<li>\n\t\t\t\t\t\t\t\t\t\t\t\t\t\t\t\t\t\t\t\t\t\t\t\t<span>\n\t\t\t\t\t\t\t\t\t<i aria-hidden=\"true\" class=\"tk tk-envelope\"><\/i>\t\t\t\t\t\t\t\t<\/span>\n\t\t\t\t\t\t\t\t\n\t\t\t\t\t\t\t\tcontact@admissionaccomplie.fr\n\t\t\t\t\t\t\t\t\t\t\t\t\t\t<\/li>\n\t\t\t\t\t\t\t\t\t\t\t\t<li>\n\t\t\t\t\t\t\t\t\t\t\t\t\t\t\t\t\t\t\t\t\t\t\t\t<span>\n\t\t\t\t\t\t\t\t\t<i aria-hidden=\"true\" class=\"tk tk-map-marker\"><\/i>\t\t\t\t\t\t\t\t<\/span>\n\t\t\t\t\t\t\t\t\n\t\t\t\t\t\t\t\t6 bis ave de Montesquieu 78600 Maisons-Laffitte\n\t\t\t\t\t\t\t\t\t\t\t\t\t\t<\/li>\n\t\t\t\t\t\t\t\t\t<\/ul>\n\t\t<\/div>\n\t\t\t\t<\/div>\n\t\t\t\t<\/div>\n\t\t\t\t\t<\/div>\n\t\t<\/div>\n\t\t\t\t<div class=\"elementor-column elementor-col-50 elementor-top-column elementor-element elementor-element-5c7a318 elementor-invisible\" data-id=\"5c7a318\" data-element_type=\"column\" data-settings=\"{&quot;background_background&quot;:&quot;classic&quot;,&quot;animation&quot;:&quot;fadeInRight&quot;}\">\n\t\t\t<div class=\"elementor-widget-wrap elementor-element-populated\">\n\t\t\t\t\t\t<div class=\"elementor-element elementor-element-f9ec806 thim-ekits-heading-text-center elementor-widget thim-ekits-heading elementor-widget-thim-heading\" data-id=\"f9ec806\" data-element_type=\"widget\" data-settings=\"{&quot;ekit_we_effect_on&quot;:&quot;none&quot;}\" data-widget_type=\"thim-heading.default\">\n\t\t\t\t<div class=\"elementor-widget-container\">\n\t\t\t<div class=\"sc_heading text-center\"><h2 class=\"title\">Pr\u00eat \u00e0 entamer votre voyage vers l'enseignement sup\u00e9rieur \u00e0 l'\u00e9tranger ? <\/h2><\/div>\t\t<\/div>\n\t\t\t\t<\/div>\n\t\t\t\t<div class=\"elementor-element elementor-element-9a7b570 ekit_wpForms_container-form-button-full-width elementor-widget elementor-widget-elementskit-wp-forms\" data-id=\"9a7b570\" data-element_type=\"widget\" data-settings=\"{&quot;ekit_we_effect_on&quot;:&quot;none&quot;}\" data-widget_type=\"elementskit-wp-forms.default\">\n\t\t\t\t<div class=\"elementor-widget-container\">\n\t\t\t<div class=\"ekit-wid-con ekit_wpForms_container\"><div class=\"wpforms-container wpforms-container-full wpforms-render-modern\" id=\"wpforms-19025\"><form id=\"wpforms-form-19025\" class=\"wpforms-validate wpforms-form wpforms-ajax-form\" data-formid=\"19025\" method=\"post\" enctype=\"multipart\/form-data\" action=\"\/fr\/wp-json\/wp\/v2\/pages\/20064\" data-token=\"0dbc5b169b44193b9d24e2217236fbfe\" data-token-time=\"1776610573\"><noscript class=\"wpforms-error-noscript\">Veuillez activer JavaScript dans votre navigateur pour remplir ce formulaire.<\/noscript><div class=\"wpforms-hidden\" id=\"wpforms-error-noscript\">Veuillez activer JavaScript dans votre navigateur pour remplir ce formulaire.<\/div><div class=\"wpforms-field-container\"><div id=\"wpforms-19025-field_0-container\" class=\"wpforms-field wpforms-field-name wpforms-one-half wpforms-first\" data-field-id=\"0\"><label class=\"wpforms-field-label wpforms-label-hide\" for=\"wpforms-19025-field_0\" aria-hidden=\"false\">Name <span class=\"wpforms-required-label\" aria-hidden=\"true\">*<\/span><\/label><input type=\"text\" id=\"wpforms-19025-field_0\" class=\"wpforms-field-large wpforms-field-required\" name=\"wpforms[fields][0]\" placeholder=\"Pr\u00e9nom et nom\" aria-errormessage=\"wpforms-19025-field_0-error\" required><\/div><div id=\"wpforms-19025-field_1-container\" class=\"wpforms-field wpforms-field-email wpforms-one-half\" data-field-id=\"1\"><label class=\"wpforms-field-label wpforms-label-hide\" for=\"wpforms-19025-field_1\" aria-hidden=\"false\">Email <span class=\"wpforms-required-label\" aria-hidden=\"true\">*<\/span><\/label><input type=\"email\" id=\"wpforms-19025-field_1\" class=\"wpforms-field-large wpforms-field-required\" name=\"wpforms[fields][1]\" placeholder=\"Saisissez votre adresse \u00e9lectronique\" spellcheck=\"false\" aria-errormessage=\"wpforms-19025-field_1-error\" required><\/div><div id=\"wpforms-19025-field_3-container\" class=\"wpforms-field wpforms-field-textarea\" data-field-id=\"3\"><label class=\"wpforms-field-label wpforms-label-hide\" for=\"wpforms-19025-field_3\" aria-hidden=\"false\">Message<\/label><textarea id=\"wpforms-19025-field_3\" class=\"wpforms-field-small\" name=\"wpforms[fields][3]\" placeholder=\"Ecrivez votre message\" aria-errormessage=\"wpforms-19025-field_3-error\" ><\/textarea><\/div><\/div><!-- .wpforms-field-container --><div class=\"wpforms-recaptcha-container wpforms-is-recaptcha wpforms-is-recaptcha-type-v2\" ><div class=\"g-recaptcha\" data-sitekey=\"6LfHBT8qAAAAALEbYj5JQYDsQmQf7Gfv65KAJyeM\"><\/div><input type=\"text\" name=\"g-recaptcha-hidden\" class=\"wpforms-recaptcha-hidden\" style=\"position:absolute!important;clip:rect(0,0,0,0)!important;height:1px!important;width:1px!important;border:0!important;overflow:hidden!important;padding:0!important;margin:0!important;\" data-rule-recaptcha=\"1\"><\/div><div class=\"wpforms-submit-container\" ><input type=\"hidden\" name=\"wpforms[id]\" value=\"19025\"><input type=\"hidden\" name=\"page_title\" value=\"\"><input type=\"hidden\" name=\"page_url\" value=\"https:\/\/dev.admissionaccomplie.fr\/fr\/wp-json\/wp\/v2\/pages\/20064\"><button type=\"submit\" name=\"wpforms[submit]\" id=\"wpforms-submit-19025\" class=\"wpforms-submit\" data-alt-text=\"Envoi...\" data-submit-text=\"Soumettre\" aria-live=\"assertive\" value=\"wpforms-submit\">Soumettre<\/button><img decoding=\"async\" src=\"https:\/\/dev.admissionaccomplie.fr\/wp-content\/plugins\/wpforms-lite\/assets\/images\/submit-spin.svg\" class=\"wpforms-submit-spinner\" style=\"display: none;\" width=\"26\" height=\"26\" alt=\"Chargement en cours\"><\/div><\/form><\/div>  <!-- .wpforms-container --><\/div>\t\t<\/div>\n\t\t\t\t<\/div>\n\t\t\t\t\t<\/div>\n\t\t<\/div>\n\t\t\t\t\t<\/div>\n\t\t<\/section>\n\t\t\t\t<\/div>\n\t\t","protected":false},"excerpt":{"rendered":"<p>ADMISSION ACCOMPLIE ACADEMIE \u201313ans + Nos programmes de l\u2019Acad\u00e9mie offrent un environnement de soutien et sans pression pour que les \u00e9l\u00e8ves puissent explorer leurs int\u00e9r\u00eats acad\u00e9miques et b\u00e9n\u00e9ficier d&#8217;exp\u00e9riences d&#8217;enrichissement motiv\u00e9es par des objectifs, qui inspirent l&#8217;engagement et encouragent la &hellip; <\/p>\n","protected":false},"author":1,"featured_media":0,"parent":20131,"menu_order":1,"comment_status":"closed","ping_status":"closed","template":"elementor_header_footer","meta":{"footnotes":""},"class_list":["post-20064","page","type-page","status-publish","hentry"],"_links":{"self":[{"href":"https:\/\/dev.admissionaccomplie.fr\/fr\/wp-json\/wp\/v2\/pages\/20064"}],"collection":[{"href":"https:\/\/dev.admissionaccomplie.fr\/fr\/wp-json\/wp\/v2\/pages"}],"about":[{"href":"https:\/\/dev.admissionaccomplie.fr\/fr\/wp-json\/wp\/v2\/types\/page"}],"author":[{"embeddable":true,"href":"https:\/\/dev.admissionaccomplie.fr\/fr\/wp-json\/wp\/v2\/users\/1"}],"replies":[{"embeddable":true,"href":"https:\/\/dev.admissionaccomplie.fr\/fr\/wp-json\/wp\/v2\/comments?post=20064"}],"version-history":[{"count":0,"href":"https:\/\/dev.admissionaccomplie.fr\/fr\/wp-json\/wp\/v2\/pages\/20064\/revisions"}],"up":[{"embeddable":true,"href":"https:\/\/dev.admissionaccomplie.fr\/fr\/wp-json\/wp\/v2\/pages\/20131"}],"wp:attachment":[{"href":"https:\/\/dev.admissionaccomplie.fr\/fr\/wp-json\/wp\/v2\/media?parent=20064"}],"curies":[{"name":"wp","href":"https:\/\/api.w.org\/{rel}","templated":true}]}}