{"id":20093,"date":"2024-06-24T14:42:59","date_gmt":"2024-06-24T14:42:59","guid":{"rendered":"https:\/\/dev.admissionaccomplie.fr\/notre-histoire\/les-fondateurs\/"},"modified":"2024-08-31T20:23:25","modified_gmt":"2024-08-31T20:23:25","slug":"les-fondateurs","status":"publish","type":"page","link":"https:\/\/dev.admissionaccomplie.fr\/fr\/notre-histoire\/les-fondateurs\/","title":{"rendered":"Les Fondateurs"},"content":{"rendered":"\t\t<div data-elementor-type=\"wp-page\" data-elementor-id=\"20093\" class=\"elementor elementor-20093 elementor-18962\">\n\t\t\t\t<div class=\"elementor-element elementor-element-b5cd1ef e-flex e-con-boxed e-con e-parent\" data-id=\"b5cd1ef\" data-element_type=\"container\" data-settings=\"{&quot;background_background&quot;:&quot;classic&quot;,&quot;ekit_has_onepagescroll_dot&quot;:&quot;yes&quot;}\">\n\t\t\t\t\t<div class=\"e-con-inner\">\n\t\t\t\t<div class=\"elementor-element elementor-element-75b57e4 thim-ekits-heading-text-center thim-ekits-heading--mobiletext-center elementor-widget thim-ekits-heading elementor-widget-thim-heading\" data-id=\"75b57e4\" data-element_type=\"widget\" data-settings=\"{&quot;ekit_we_effect_on&quot;:&quot;none&quot;}\" data-widget_type=\"thim-heading.default\">\n\t\t\t\t<div class=\"elementor-widget-container\">\n\t\t\t<div class=\"sc_heading text-center clone_title\"><h2 class=\"title\">Les Fondateurs <\/h2><div class=\"clone\">Les Fondateurs<\/div><\/div>\t\t<\/div>\n\t\t\t\t<\/div>\n\t\t<div class=\"elementor-element elementor-element-deb94a3 e-flex e-con-boxed e-con e-child\" data-id=\"deb94a3\" data-element_type=\"container\" data-settings=\"{&quot;ekit_has_onepagescroll_dot&quot;:&quot;yes&quot;}\">\n\t\t\t\t\t<div class=\"e-con-inner\">\n\t\t<div class=\"elementor-element elementor-element-8834744 e-con-full mentor-box e-flex e-con e-child\" data-id=\"8834744\" data-element_type=\"container\" data-settings=\"{&quot;ekit_has_onepagescroll_dot&quot;:&quot;yes&quot;}\">\n\t\t\t\t<div class=\"elementor-element elementor-element-f2f7b70 elementor-widget elementor-widget-elementskit-team\" data-id=\"f2f7b70\" data-element_type=\"widget\" data-settings=\"{&quot;ekit_we_effect_on&quot;:&quot;none&quot;}\" data-widget_type=\"elementskit-team.default\">\n\t\t\t\t<div class=\"elementor-widget-container\">\n\t\t\t<div class=\"ekit-wid-con\">\t\t\t\t\t\t\t\t\n\t\t<div class=\"profile-card elementor-animation-grow text-center ekit-team-style-default\">\n\t\t\t\t\t\t\t<a aria-label=\"profile\" href=\"javascript:void(0)\" data-mfp-src=\"#ekit_team_modal_f2f7b70_20093\" class=\"ekit-team-popup\">\n\t\t\t\t\t\t\n\t\t\t\t<div class=\"profile-header ekit-team-img ekit-img-overlay ekit-team-img-block\"  data-toggle=\"modal\" data-target=\"ekit_team_modal_#f2f7b70_20093\" >\n\t\t\t\t\t<img fetchpriority=\"high\" decoding=\"async\" width=\"500\" height=\"500\" src=\"https:\/\/dev.admissionaccomplie.fr\/wp-content\/uploads\/2024\/06\/DSC_1106_pp_GG_pp.webp\" class=\"attachment-large size-large wp-image-18970\" alt=\"\" srcset=\"https:\/\/dev.admissionaccomplie.fr\/wp-content\/uploads\/2024\/06\/DSC_1106_pp_GG_pp.webp 500w, https:\/\/dev.admissionaccomplie.fr\/wp-content\/uploads\/2024\/06\/DSC_1106_pp_GG_pp-300x300.webp 300w, https:\/\/dev.admissionaccomplie.fr\/wp-content\/uploads\/2024\/06\/DSC_1106_pp_GG_pp-150x150.webp 150w, https:\/\/dev.admissionaccomplie.fr\/wp-content\/uploads\/2024\/06\/DSC_1106_pp_GG_pp-100x100.webp 100w\" sizes=\"(max-width: 500px) 100vw, 500px\" \/>\t\t\t\t<\/div><!-- .profile-header END -->\n\t\t\t\t\t\t\t<\/a>\n\t\t\t\t\t\t\n\n\t\t\t\t<div class=\"profile-body\">\n\t\t\t\t\t\n\t\t\t\t\t<h2 class=\"profile-title\">\n\t\t\t\t\t\t\t\t\t\t\t<a aria-label=\"profile\" href=\"javascript:void(0)\" data-mfp-src=\"#ekit_team_modal_f2f7b70_20093\" class=\"ekit-team-popup\">\n\t\t\t\t\t\tNikki\t\t\t\t\t\t<\/a>\n\t\t\t\t\t\t\t\t\t\t\t<\/h2>\n\t\t\t\t\t<p class=\"profile-designation\">BA, MA (Cantab), University of Cambridge<\/p>\n\t\t\t\t\t\t\t\t\t<\/div><!-- .profile-body END -->\n\n\t\t\t\t\t\t\t\t\t<div class=\"profile-footer\">\n\t\t\t\t\t\t<ul class=\"ekit-team-social-list\">\n\t\t\t<li class=\"elementor-repeater-item-76909d3\">\n\t\t\t<a href=\"mailto:contact@admissionaccomplie.fr\" aria-label=\"Email\">\n\t\t\t\t<svg aria-hidden=\"true\" class=\"e-font-icon-svg e-far-envelope\" viewBox=\"0 0 512 512\" xmlns=\"http:\/\/www.w3.org\/2000\/svg\"><path d=\"M464 64H48C21.49 64 0 85.49 0 112v288c0 26.51 21.49 48 48 48h416c26.51 0 48-21.49 48-48V112c0-26.51-21.49-48-48-48zm0 48v40.805c-22.422 18.259-58.168 46.651-134.587 106.49-16.841 13.247-50.201 45.072-73.413 44.701-23.208.375-56.579-31.459-73.413-44.701C106.18 199.465 70.425 171.067 48 152.805V112h416zM48 400V214.398c22.914 18.251 55.409 43.862 104.938 82.646 21.857 17.205 60.134 55.186 103.062 54.955 42.717.231 80.509-37.199 103.053-54.947 49.528-38.783 82.032-64.401 104.947-82.653V400H48z\"><\/path><\/svg>\t\t\t<\/a>\n\t\t<\/li>\n\t\t\t<li class=\"elementor-repeater-item-d23b34a\">\n\t\t\t<a href=\"https:\/\/www.linkedin.com\/in\/nikkigradycv\/\" target=\"_blank\" aria-label=\"LinkedIn\">\n\t\t\t\t<svg aria-hidden=\"true\" class=\"e-font-icon-svg e-fab-linkedin\" viewBox=\"0 0 448 512\" xmlns=\"http:\/\/www.w3.org\/2000\/svg\"><path d=\"M416 32H31.9C14.3 32 0 46.5 0 64.3v383.4C0 465.5 14.3 480 31.9 480H416c17.6 0 32-14.5 32-32.3V64.3c0-17.8-14.4-32.3-32-32.3zM135.4 416H69V202.2h66.5V416zm-33.2-243c-21.3 0-38.5-17.3-38.5-38.5S80.9 96 102.2 96c21.2 0 38.5 17.3 38.5 38.5 0 21.3-17.2 38.5-38.5 38.5zm282.1 243h-66.4V312c0-24.8-.5-56.7-34.5-56.7-34.6 0-39.9 27-39.9 54.9V416h-66.4V202.2h63.7v29.2h.9c8.9-16.8 30.6-34.5 62.9-34.5 67.2 0 79.7 44.3 79.7 101.9V416z\"><\/path><\/svg>\t\t\t<\/a>\n\t\t<\/li>\n\t<\/ul>\n\t\t\t\t\t<\/div>\n\t\t\t\t\t\t\t\t\t<\/div>\n\t\t\t\t\t\t\t\n\t\t\t\n\t\t\t\t\t<div class=\"zoom-anim-dialog mfp-hide elementskit-team-popup team-popup-id-f2f7b70\" id=\"ekit_team_modal_f2f7b70_20093\" tabindex=\"-1\" role=\"dialog\" aria-hidden=\"true\">\n\t\t\t\t<div class=\"modal-dialog modal-dialog-centered\" role=\"document\">\n\t\t\t\t\t<div class=\"modal-content\">\n\t\t\t\t\t\t<button type=\"button\" class=\"ekit-team-modal-close\">\n\t\t\t\t\t\t\t<svg aria-hidden=\"true\" class=\"e-font-icon-svg e-fas-times\" viewBox=\"0 0 352 512\" xmlns=\"http:\/\/www.w3.org\/2000\/svg\"><path d=\"M242.72 256l100.07-100.07c12.28-12.28 12.28-32.19 0-44.48l-22.24-22.24c-12.28-12.28-32.19-12.28-44.48 0L176 189.28 75.93 89.21c-12.28-12.28-32.19-12.28-44.48 0L9.21 111.45c-12.28 12.28-12.28 32.19 0 44.48L109.28 256 9.21 356.07c-12.28 12.28-12.28 32.19 0 44.48l22.24 22.24c12.28 12.28 32.2 12.28 44.48 0L176 322.72l100.07 100.07c12.28 12.28 32.2 12.28 44.48 0l22.24-22.24c12.28-12.28 12.28-32.19 0-44.48L242.72 256z\"><\/path><\/svg>\t\t\t\t\t\t<\/button>\n\n\t\t\t\t\t\t<div class=\"modal-body\">\n\t\t\t\t\t\t\t\t\t\t\t\t\t\t\t<div class=\"ekit-team-modal-img\">\n\t\t\t\t\t\t\t\t\t<img fetchpriority=\"high\" decoding=\"async\" width=\"500\" height=\"500\" src=\"https:\/\/dev.admissionaccomplie.fr\/wp-content\/uploads\/2024\/06\/DSC_1106_pp_GG_pp.webp\" class=\"attachment-large size-large wp-image-18970\" alt=\"\" srcset=\"https:\/\/dev.admissionaccomplie.fr\/wp-content\/uploads\/2024\/06\/DSC_1106_pp_GG_pp.webp 500w, https:\/\/dev.admissionaccomplie.fr\/wp-content\/uploads\/2024\/06\/DSC_1106_pp_GG_pp-300x300.webp 300w, https:\/\/dev.admissionaccomplie.fr\/wp-content\/uploads\/2024\/06\/DSC_1106_pp_GG_pp-150x150.webp 150w, https:\/\/dev.admissionaccomplie.fr\/wp-content\/uploads\/2024\/06\/DSC_1106_pp_GG_pp-100x100.webp 100w\" sizes=\"(max-width: 500px) 100vw, 500px\" \/>\t\t\t\t\t\t\t\t<\/div>\n\t\t\t\t\t\t\t\n\t\t\t\t\t\t\t<div class=\"ekit-team-modal-info has-img\">\n\t\t\t\t\t\t\t\t<h2 class=\"ekit-team-modal-title\">Nikki<\/h2>\n\t\t\t\t\t\t\t\t<p class=\"ekit-team-modal-position\">BA, MA (Cantab), University of Cambridge<\/p>\n\t\t\t\t\t\t\t\t\n\t\t\t\t\t\t\t\t<div class=\"ekit-team-modal-content\">\n\t\t\t\t\t\t\t\t\tApr\u00e8s avoir occup\u00e9 le poste d'administratrice au Boston Children's Hospital, Nikki a d\u00e9m\u00e9nag\u00e9 \u00e0 Paris en 1990. Au cours des vingt ann\u00e9es suivantes, elle s'est plong\u00e9e dans le monde du conseil, aidant les PME et startups franco-britanniques avec leurs op\u00e9rations internationales. En 2011, en observant sa fille a\u00een\u00e9e naviguer dans les candidatures internationales, Nikki a ressenti le besoin de changer de voie. Se tournant vers le secteur de l'\u00e9ducation, Nikki s'est form\u00e9e pour devenir conseill\u00e8re en \u00e9ducation internationale et a co-fond\u00e9 Admission Accomplie. Forte de son exp\u00e9rience internationale, Nikki a nou\u00e9 des relations solides avec des institutions \u00e9ducatives, lui fournissant de pr\u00e9cieuses informations sur les attentes des directeurs d'admission. Tirant parti de ces connaissances, elle guide ses \u00e9tudiants pour mettre en valeur leurs parcours et leurs r\u00e9alisations de mani\u00e8re efficace.     \t\t\t\t\t\t\t\t<\/div>\n\n\t\t\t\t\t\t\t\t\t\t\t\t\t\t\t\t\t<ul class=\"ekit-team-modal-list\">\n\t\t\t\t\t\t\t\t\t\t\n\t\t\t\t\t\t\t\t\t\t\t\t\t\t\t\t\t\t\t\t\t<li><strong>Email:<\/strong><a href=\"mailto:contact@admissionaccomplie.fr\">contact@admissionaccomplie.fr<\/a><\/li>\n\t\t\t\t\t\t\t\t\t\t\t\t\t\t\t\t\t\t\t<\/ul>\n\t\t\t\t\t\t\t\t\t\t\t\t\t\t\t\t\n\t\t\t\t\t\t\t\t<ul class=\"ekit-team-social-list\">\n\t\t\t<li class=\"elementor-repeater-item-76909d3\">\n\t\t\t<a href=\"mailto:contact@admissionaccomplie.fr\" aria-label=\"Email\">\n\t\t\t\t<svg aria-hidden=\"true\" class=\"e-font-icon-svg e-far-envelope\" viewBox=\"0 0 512 512\" xmlns=\"http:\/\/www.w3.org\/2000\/svg\"><path d=\"M464 64H48C21.49 64 0 85.49 0 112v288c0 26.51 21.49 48 48 48h416c26.51 0 48-21.49 48-48V112c0-26.51-21.49-48-48-48zm0 48v40.805c-22.422 18.259-58.168 46.651-134.587 106.49-16.841 13.247-50.201 45.072-73.413 44.701-23.208.375-56.579-31.459-73.413-44.701C106.18 199.465 70.425 171.067 48 152.805V112h416zM48 400V214.398c22.914 18.251 55.409 43.862 104.938 82.646 21.857 17.205 60.134 55.186 103.062 54.955 42.717.231 80.509-37.199 103.053-54.947 49.528-38.783 82.032-64.401 104.947-82.653V400H48z\"><\/path><\/svg>\t\t\t<\/a>\n\t\t<\/li>\n\t\t\t<li class=\"elementor-repeater-item-d23b34a\">\n\t\t\t<a href=\"https:\/\/www.linkedin.com\/in\/nikkigradycv\/\" target=\"_blank\" aria-label=\"LinkedIn\">\n\t\t\t\t<svg aria-hidden=\"true\" class=\"e-font-icon-svg e-fab-linkedin\" viewBox=\"0 0 448 512\" xmlns=\"http:\/\/www.w3.org\/2000\/svg\"><path d=\"M416 32H31.9C14.3 32 0 46.5 0 64.3v383.4C0 465.5 14.3 480 31.9 480H416c17.6 0 32-14.5 32-32.3V64.3c0-17.8-14.4-32.3-32-32.3zM135.4 416H69V202.2h66.5V416zm-33.2-243c-21.3 0-38.5-17.3-38.5-38.5S80.9 96 102.2 96c21.2 0 38.5 17.3 38.5 38.5 0 21.3-17.2 38.5-38.5 38.5zm282.1 243h-66.4V312c0-24.8-.5-56.7-34.5-56.7-34.6 0-39.9 27-39.9 54.9V416h-66.4V202.2h63.7v29.2h.9c8.9-16.8 30.6-34.5 62.9-34.5 67.2 0 79.7 44.3 79.7 101.9V416z\"><\/path><\/svg>\t\t\t<\/a>\n\t\t<\/li>\n\t<\/ul>\n\t\t\t\t\t\t\t<\/div>\n\t\t\t\t\t\t<\/div>\n\t\t\t\t\t<\/div>\n\t\t\t\t<\/div>\n\t\t\t<\/div>\n\t\t\t\t<\/div>\t\t<\/div>\n\t\t\t\t<\/div>\n\t\t\t\t<\/div>\n\t\t<div class=\"elementor-element elementor-element-7e9100b e-con-full mentor-box e-flex e-con e-child\" data-id=\"7e9100b\" data-element_type=\"container\" data-settings=\"{&quot;ekit_has_onepagescroll_dot&quot;:&quot;yes&quot;}\">\n\t\t\t\t<div class=\"elementor-element elementor-element-0f64549 elementor-widget elementor-widget-elementskit-team\" data-id=\"0f64549\" data-element_type=\"widget\" data-settings=\"{&quot;ekit_we_effect_on&quot;:&quot;none&quot;}\" data-widget_type=\"elementskit-team.default\">\n\t\t\t\t<div class=\"elementor-widget-container\">\n\t\t\t<div class=\"ekit-wid-con\">\t\t\t\t\t\t\t\t\n\t\t<div class=\"profile-card elementor-animation-grow text-center ekit-team-style-default\">\n\t\t\t\t\t\t\t<a aria-label=\"profile\" href=\"javascript:void(0)\" data-mfp-src=\"#ekit_team_modal_0f64549_20093\" class=\"ekit-team-popup\">\n\t\t\t\t\t\t\n\t\t\t\t<div class=\"profile-header ekit-team-img ekit-img-overlay ekit-team-img-block\"  data-toggle=\"modal\" data-target=\"ekit_team_modal_#0f64549_20093\" >\n\t\t\t\t\t<img decoding=\"async\" width=\"500\" height=\"500\" src=\"https:\/\/dev.admissionaccomplie.fr\/wp-content\/uploads\/2024\/06\/DSC_1181_pp.webp\" class=\"attachment-large size-large wp-image-18969\" alt=\"\" srcset=\"https:\/\/dev.admissionaccomplie.fr\/wp-content\/uploads\/2024\/06\/DSC_1181_pp.webp 500w, https:\/\/dev.admissionaccomplie.fr\/wp-content\/uploads\/2024\/06\/DSC_1181_pp-300x300.webp 300w, https:\/\/dev.admissionaccomplie.fr\/wp-content\/uploads\/2024\/06\/DSC_1181_pp-150x150.webp 150w, https:\/\/dev.admissionaccomplie.fr\/wp-content\/uploads\/2024\/06\/DSC_1181_pp-100x100.webp 100w\" sizes=\"(max-width: 500px) 100vw, 500px\" \/>\t\t\t\t<\/div><!-- .profile-header END -->\n\t\t\t\t\t\t\t<\/a>\n\t\t\t\t\t\t\n\n\t\t\t\t<div class=\"profile-body\">\n\t\t\t\t\t\n\t\t\t\t\t<h2 class=\"profile-title\">\n\t\t\t\t\t\t\t\t\t\t\t<a aria-label=\"profile\" href=\"javascript:void(0)\" data-mfp-src=\"#ekit_team_modal_0f64549_20093\" class=\"ekit-team-popup\">\n\t\t\t\t\t\tStephanie\t\t\t\t\t\t<\/a>\n\t\t\t\t\t\t\t\t\t\t\t<\/h2>\n\t\t\t\t\t<p class=\"profile-designation\">BA, MA (Cantab), University of Cambridge<\/p>\n\t\t\t\t\t\t\t\t\t<\/div><!-- .profile-body END -->\n\n\t\t\t\t\t\t\t\t\t<div class=\"profile-footer\">\n\t\t\t\t\t\t<ul class=\"ekit-team-social-list\">\n\t\t\t<li class=\"elementor-repeater-item-76909d3\">\n\t\t\t<a href=\"mailto:contact@admissionaccomplie.fr\" aria-label=\"Courriel\">\n\t\t\t\t<svg aria-hidden=\"true\" class=\"e-font-icon-svg e-far-envelope\" viewBox=\"0 0 512 512\" xmlns=\"http:\/\/www.w3.org\/2000\/svg\"><path d=\"M464 64H48C21.49 64 0 85.49 0 112v288c0 26.51 21.49 48 48 48h416c26.51 0 48-21.49 48-48V112c0-26.51-21.49-48-48-48zm0 48v40.805c-22.422 18.259-58.168 46.651-134.587 106.49-16.841 13.247-50.201 45.072-73.413 44.701-23.208.375-56.579-31.459-73.413-44.701C106.18 199.465 70.425 171.067 48 152.805V112h416zM48 400V214.398c22.914 18.251 55.409 43.862 104.938 82.646 21.857 17.205 60.134 55.186 103.062 54.955 42.717.231 80.509-37.199 103.053-54.947 49.528-38.783 82.032-64.401 104.947-82.653V400H48z\"><\/path><\/svg>\t\t\t<\/a>\n\t\t<\/li>\n\t\t\t<li class=\"elementor-repeater-item-d23b34a\">\n\t\t\t<a href=\"https:\/\/www.linkedin.com\/in\/steph-buller-83236332\/\" aria-label=\"LinkedIn\">\n\t\t\t\t<svg aria-hidden=\"true\" class=\"e-font-icon-svg e-fab-linkedin\" viewBox=\"0 0 448 512\" xmlns=\"http:\/\/www.w3.org\/2000\/svg\"><path d=\"M416 32H31.9C14.3 32 0 46.5 0 64.3v383.4C0 465.5 14.3 480 31.9 480H416c17.6 0 32-14.5 32-32.3V64.3c0-17.8-14.4-32.3-32-32.3zM135.4 416H69V202.2h66.5V416zm-33.2-243c-21.3 0-38.5-17.3-38.5-38.5S80.9 96 102.2 96c21.2 0 38.5 17.3 38.5 38.5 0 21.3-17.2 38.5-38.5 38.5zm282.1 243h-66.4V312c0-24.8-.5-56.7-34.5-56.7-34.6 0-39.9 27-39.9 54.9V416h-66.4V202.2h63.7v29.2h.9c8.9-16.8 30.6-34.5 62.9-34.5 67.2 0 79.7 44.3 79.7 101.9V416z\"><\/path><\/svg>\t\t\t<\/a>\n\t\t<\/li>\n\t<\/ul>\n\t\t\t\t\t<\/div>\n\t\t\t\t\t\t\t\t\t<\/div>\n\t\t\t\t\t\t\t\n\t\t\t\n\t\t\t\t\t<div class=\"zoom-anim-dialog mfp-hide elementskit-team-popup team-popup-id-0f64549\" id=\"ekit_team_modal_0f64549_20093\" tabindex=\"-1\" role=\"dialog\" aria-hidden=\"true\">\n\t\t\t\t<div class=\"modal-dialog modal-dialog-centered\" role=\"document\">\n\t\t\t\t\t<div class=\"modal-content\">\n\t\t\t\t\t\t<button type=\"button\" class=\"ekit-team-modal-close\">\n\t\t\t\t\t\t\t<svg aria-hidden=\"true\" class=\"e-font-icon-svg e-fas-times\" viewBox=\"0 0 352 512\" xmlns=\"http:\/\/www.w3.org\/2000\/svg\"><path d=\"M242.72 256l100.07-100.07c12.28-12.28 12.28-32.19 0-44.48l-22.24-22.24c-12.28-12.28-32.19-12.28-44.48 0L176 189.28 75.93 89.21c-12.28-12.28-32.19-12.28-44.48 0L9.21 111.45c-12.28 12.28-12.28 32.19 0 44.48L109.28 256 9.21 356.07c-12.28 12.28-12.28 32.19 0 44.48l22.24 22.24c12.28 12.28 32.2 12.28 44.48 0L176 322.72l100.07 100.07c12.28 12.28 32.2 12.28 44.48 0l22.24-22.24c12.28-12.28 12.28-32.19 0-44.48L242.72 256z\"><\/path><\/svg>\t\t\t\t\t\t<\/button>\n\n\t\t\t\t\t\t<div class=\"modal-body\">\n\t\t\t\t\t\t\t\t\t\t\t\t\t\t\t<div class=\"ekit-team-modal-img\">\n\t\t\t\t\t\t\t\t\t<img decoding=\"async\" width=\"500\" height=\"500\" src=\"https:\/\/dev.admissionaccomplie.fr\/wp-content\/uploads\/2024\/06\/DSC_1181_pp.webp\" class=\"attachment-large size-large wp-image-18969\" alt=\"\" srcset=\"https:\/\/dev.admissionaccomplie.fr\/wp-content\/uploads\/2024\/06\/DSC_1181_pp.webp 500w, https:\/\/dev.admissionaccomplie.fr\/wp-content\/uploads\/2024\/06\/DSC_1181_pp-300x300.webp 300w, https:\/\/dev.admissionaccomplie.fr\/wp-content\/uploads\/2024\/06\/DSC_1181_pp-150x150.webp 150w, https:\/\/dev.admissionaccomplie.fr\/wp-content\/uploads\/2024\/06\/DSC_1181_pp-100x100.webp 100w\" sizes=\"(max-width: 500px) 100vw, 500px\" \/>\t\t\t\t\t\t\t\t<\/div>\n\t\t\t\t\t\t\t\n\t\t\t\t\t\t\t<div class=\"ekit-team-modal-info has-img\">\n\t\t\t\t\t\t\t\t<h2 class=\"ekit-team-modal-title\">Stephanie<\/h2>\n\t\t\t\t\t\t\t\t<p class=\"ekit-team-modal-position\">BA, MA (Cantab), University of Cambridge<\/p>\n\t\t\t\t\t\t\t\t\n\t\t\t\t\t\t\t\t<div class=\"ekit-team-modal-content\">\n\t\t\t\t\t\t\t\t\tApr\u00e8s dix ans \u00e0 des postes de direction chez Citibank \u00e0 New York et \u00e0 Londres, St\u00e9phanie a pris une pause pour se consacrer \u00e0 l'\u00e9ducation de sa famille tout en accompagnant son mari lors de plusieurs affectations professionnelles. Une fois install\u00e9e en France, elle a profit\u00e9 de son retour au travail pour se r\u00e9orienter, d'abord dans le secteur b\u00e9n\u00e9vole, en mettant de plus en plus l'accent sur l'\u00e9ducation. Avant de co-fonder Admission Accomplie, elle \u00e9tait r\u00e9dactrice \u00e0 Paris pour le Good Schools Guide International, aidant les familles nomades \u00e0 prendre des d\u00e9cisions scolaires complexes pour leurs enfants.<br>  \t\t\t\t\t\t\t\t<\/div>\n\n\t\t\t\t\t\t\t\t\t\t\t\t\t\t\t\t\t<ul class=\"ekit-team-modal-list\">\n\t\t\t\t\t\t\t\t\t\t\n\t\t\t\t\t\t\t\t\t\t\t\t\t\t\t\t\t\t\t\t\t<li><strong>Email:<\/strong><a href=\"mailto:contact@admissionaccomplie.fr\">contact@admissionaccomplie.fr<\/a><\/li>\n\t\t\t\t\t\t\t\t\t\t\t\t\t\t\t\t\t\t\t<\/ul>\n\t\t\t\t\t\t\t\t\t\t\t\t\t\t\t\t\n\t\t\t\t\t\t\t\t<ul class=\"ekit-team-social-list\">\n\t\t\t<li class=\"elementor-repeater-item-76909d3\">\n\t\t\t<a href=\"mailto:contact@admissionaccomplie.fr\" aria-label=\"Courriel\">\n\t\t\t\t<svg aria-hidden=\"true\" class=\"e-font-icon-svg e-far-envelope\" viewBox=\"0 0 512 512\" xmlns=\"http:\/\/www.w3.org\/2000\/svg\"><path d=\"M464 64H48C21.49 64 0 85.49 0 112v288c0 26.51 21.49 48 48 48h416c26.51 0 48-21.49 48-48V112c0-26.51-21.49-48-48-48zm0 48v40.805c-22.422 18.259-58.168 46.651-134.587 106.49-16.841 13.247-50.201 45.072-73.413 44.701-23.208.375-56.579-31.459-73.413-44.701C106.18 199.465 70.425 171.067 48 152.805V112h416zM48 400V214.398c22.914 18.251 55.409 43.862 104.938 82.646 21.857 17.205 60.134 55.186 103.062 54.955 42.717.231 80.509-37.199 103.053-54.947 49.528-38.783 82.032-64.401 104.947-82.653V400H48z\"><\/path><\/svg>\t\t\t<\/a>\n\t\t<\/li>\n\t\t\t<li class=\"elementor-repeater-item-d23b34a\">\n\t\t\t<a href=\"https:\/\/www.linkedin.com\/in\/steph-buller-83236332\/\" aria-label=\"LinkedIn\">\n\t\t\t\t<svg aria-hidden=\"true\" class=\"e-font-icon-svg e-fab-linkedin\" viewBox=\"0 0 448 512\" xmlns=\"http:\/\/www.w3.org\/2000\/svg\"><path d=\"M416 32H31.9C14.3 32 0 46.5 0 64.3v383.4C0 465.5 14.3 480 31.9 480H416c17.6 0 32-14.5 32-32.3V64.3c0-17.8-14.4-32.3-32-32.3zM135.4 416H69V202.2h66.5V416zm-33.2-243c-21.3 0-38.5-17.3-38.5-38.5S80.9 96 102.2 96c21.2 0 38.5 17.3 38.5 38.5 0 21.3-17.2 38.5-38.5 38.5zm282.1 243h-66.4V312c0-24.8-.5-56.7-34.5-56.7-34.6 0-39.9 27-39.9 54.9V416h-66.4V202.2h63.7v29.2h.9c8.9-16.8 30.6-34.5 62.9-34.5 67.2 0 79.7 44.3 79.7 101.9V416z\"><\/path><\/svg>\t\t\t<\/a>\n\t\t<\/li>\n\t<\/ul>\n\t\t\t\t\t\t\t<\/div>\n\t\t\t\t\t\t<\/div>\n\t\t\t\t\t<\/div>\n\t\t\t\t<\/div>\n\t\t\t<\/div>\n\t\t\t\t<\/div>\t\t<\/div>\n\t\t\t\t<\/div>\n\t\t\t\t<div class=\"elementor-element elementor-element-284bcc2 elementor-widget__width-initial elementor-absolute elementor-hidden-desktop elementor-hidden-tablet elementor-hidden-mobile elementor-widget elementor-widget-image\" data-id=\"284bcc2\" data-element_type=\"widget\" data-settings=\"{&quot;_position&quot;:&quot;absolute&quot;,&quot;_animation&quot;:&quot;none&quot;,&quot;ekit_we_effect_on&quot;:&quot;none&quot;}\" data-widget_type=\"image.default\">\n\t\t\t\t<div class=\"elementor-widget-container\">\n\t\t\t<style>\/*! elementor - v3.23.0 - 05-08-2024 *\/\n.elementor-widget-image{text-align:center}.elementor-widget-image a{display:inline-block}.elementor-widget-image a img[src$=\".svg\"]{width:48px}.elementor-widget-image img{vertical-align:middle;display:inline-block}<\/style>\t\t\t\t\t\t\t\t\t\t<img decoding=\"async\" width=\"640\" height=\"533\" src=\"https:\/\/dev.admissionaccomplie.fr\/wp-content\/uploads\/2024\/06\/Header-Logo-v2-e1719090228560-1024x852.png\" class=\"attachment-large size-large wp-image-18791\" alt=\"\" srcset=\"https:\/\/dev.admissionaccomplie.fr\/wp-content\/uploads\/2024\/06\/Header-Logo-v2-e1719090228560-1024x852.png 1024w, https:\/\/dev.admissionaccomplie.fr\/wp-content\/uploads\/2024\/06\/Header-Logo-v2-e1719090228560-300x250.png 300w, https:\/\/dev.admissionaccomplie.fr\/wp-content\/uploads\/2024\/06\/Header-Logo-v2-e1719090228560-768x639.png 768w, https:\/\/dev.admissionaccomplie.fr\/wp-content\/uploads\/2024\/06\/Header-Logo-v2-e1719090228560-600x499.png 600w, https:\/\/dev.admissionaccomplie.fr\/wp-content\/uploads\/2024\/06\/Header-Logo-v2-e1719090228560.png 1221w\" sizes=\"(max-width: 640px) 100vw, 640px\" \/>\t\t\t\t\t\t\t\t\t\t\t\t\t<\/div>\n\t\t\t\t<\/div>\n\t\t\t\t<\/div>\n\t\t\t\t\t<\/div>\n\t\t\t\t<\/div>\n\t\t\t\t\t<\/div>\n\t\t\t\t<\/div>\n\t\t\t\t<\/div>\n\t\t","protected":false},"excerpt":{"rendered":"<p>Les Fondateurs Les Fondateurs Nikki BA, MA (Cantab), University of Cambridge Nikki BA, MA (Cantab), University of Cambridge Apr\u00e8s avoir occup\u00e9 le poste d&#8217;administratrice au Boston Children&#8217;s Hospital, Nikki a d\u00e9m\u00e9nag\u00e9 \u00e0 Paris en 1990. Au cours des vingt ann\u00e9es &hellip; <\/p>\n","protected":false},"author":1,"featured_media":0,"parent":20057,"menu_order":1,"comment_status":"closed","ping_status":"closed","template":"elementor_header_footer","meta":{"footnotes":""},"class_list":["post-20093","page","type-page","status-publish","hentry"],"_links":{"self":[{"href":"https:\/\/dev.admissionaccomplie.fr\/fr\/wp-json\/wp\/v2\/pages\/20093"}],"collection":[{"href":"https:\/\/dev.admissionaccomplie.fr\/fr\/wp-json\/wp\/v2\/pages"}],"about":[{"href":"https:\/\/dev.admissionaccomplie.fr\/fr\/wp-json\/wp\/v2\/types\/page"}],"author":[{"embeddable":true,"href":"https:\/\/dev.admissionaccomplie.fr\/fr\/wp-json\/wp\/v2\/users\/1"}],"replies":[{"embeddable":true,"href":"https:\/\/dev.admissionaccomplie.fr\/fr\/wp-json\/wp\/v2\/comments?post=20093"}],"version-history":[{"count":0,"href":"https:\/\/dev.admissionaccomplie.fr\/fr\/wp-json\/wp\/v2\/pages\/20093\/revisions"}],"up":[{"embeddable":true,"href":"https:\/\/dev.admissionaccomplie.fr\/fr\/wp-json\/wp\/v2\/pages\/20057"}],"wp:attachment":[{"href":"https:\/\/dev.admissionaccomplie.fr\/fr\/wp-json\/wp\/v2\/media?parent=20093"}],"curies":[{"name":"wp","href":"https:\/\/api.w.org\/{rel}","templated":true}]}}