{"id":20131,"date":"2024-06-24T17:05:16","date_gmt":"2024-06-24T17:05:16","guid":{"rendered":"https:\/\/dev.admissionaccomplie.fr\/nos-prestations\/"},"modified":"2024-08-15T21:18:50","modified_gmt":"2024-08-15T21:18:50","slug":"nos-prestations","status":"publish","type":"page","link":"https:\/\/dev.admissionaccomplie.fr\/fr\/nos-prestations\/","title":{"rendered":"NOS PRESTATIONS"},"content":{"rendered":"\t\t<div data-elementor-type=\"wp-page\" data-elementor-id=\"20131\" class=\"elementor elementor-20131 elementor-19043\">\n\t\t\t\t\t\t<section class=\"elementor-section elementor-top-section elementor-element elementor-element-5ff8810 elementor-section-full_width elementor-section-height-min-height elementor-section-stretched elementor-section-height-default elementor-section-items-middle\" data-id=\"5ff8810\" data-element_type=\"section\" data-settings=\"{&quot;stretch_section&quot;:&quot;section-stretched&quot;,&quot;background_background&quot;:&quot;slideshow&quot;,&quot;background_slideshow_gallery&quot;:[{&quot;id&quot;:19078,&quot;url&quot;:&quot;https:\\\/\\\/dev.admissionaccomplie.fr\\\/wp-content\\\/uploads\\\/2024\\\/06\\\/Image-update.webp&quot;},{&quot;id&quot;:18880,&quot;url&quot;:&quot;https:\\\/\\\/dev.admissionaccomplie.fr\\\/wp-content\\\/uploads\\\/2024\\\/06\\\/oxford-534808_1920-1.jpg&quot;}],&quot;background_slideshow_lazyload&quot;:&quot;yes&quot;,&quot;background_slideshow_ken_burns&quot;:&quot;yes&quot;,&quot;background_slideshow_loop&quot;:&quot;yes&quot;,&quot;background_slideshow_slide_duration&quot;:5000,&quot;background_slideshow_slide_transition&quot;:&quot;fade&quot;,&quot;background_slideshow_transition_duration&quot;:500,&quot;background_slideshow_ken_burns_zoom_direction&quot;:&quot;in&quot;,&quot;ekit_has_onepagescroll_dot&quot;:&quot;yes&quot;}\">\n\t\t\t\t\t\t\t<div class=\"elementor-background-overlay\"><\/div>\n\t\t\t\t\t\t\t<div class=\"elementor-container elementor-column-gap-default\">\n\t\t\t\t\t<div class=\"elementor-column elementor-col-100 elementor-top-column elementor-element elementor-element-3fdfe3c\" data-id=\"3fdfe3c\" data-element_type=\"column\">\n\t\t\t<div class=\"elementor-widget-wrap elementor-element-populated\">\n\t\t\t\t\t\t<div class=\"elementor-element elementor-element-4d033fe thim-ekits-heading-text-center elementor-widget__width-initial elementor-widget thim-ekits-heading elementor-widget-thim-heading\" data-id=\"4d033fe\" data-element_type=\"widget\" data-settings=\"{&quot;ekit_we_effect_on&quot;:&quot;none&quot;}\" data-widget_type=\"thim-heading.default\">\n\t\t\t\t<div class=\"elementor-widget-container\">\n\t\t\t<div class=\"sc_heading text-center\"><h2 class=\"title\">NOS <span style=\"color: #ffd677\">SERVICES<\/span> <\/h2><div class=\"sub-heading\"><p>Chez <span style=\"color: #ffd677;\">Admission Accomplie<\/span>, notre exp\u00e9rience de plus de dix ans dans le domaine des admissions nous a conduits \u00e0 cr\u00e9er une approche holistique de la r\u00e9ussite des \u00e9tudiants.<\/p>\n<\/div><\/div>\t\t<\/div>\n\t\t\t\t<\/div>\n\t\t\t\t\t<\/div>\n\t\t<\/div>\n\t\t\t\t\t<\/div>\n\t\t<\/section>\n\t\t\t\t<section data-ekit-particles-enable=\"yes\" class=\"ekit-particles elementor-section elementor-top-section elementor-element elementor-element-dd6ad71 elementor-section-stretched elementor-hidden-tablet elementor-section-boxed elementor-section-height-default elementor-section-height-default\" data-ekit-particles=\"https:\/\/dev.admissionaccomplie.fr\/wp-content\/plugins\/elementskit\/modules\/particles\/assets\/json\/nasa.json\" data-ekit-particles-type=\"preset\" data-id=\"dd6ad71\" data-element_type=\"section\" data-settings=\"{&quot;stretch_section&quot;:&quot;section-stretched&quot;,&quot;background_background&quot;:&quot;classic&quot;,&quot;ekit_has_onepagescroll_dot&quot;:&quot;yes&quot;}\">\n\t\t\t\t\t\t\t<div class=\"elementor-background-overlay\"><\/div>\n\t\t\t\t\t\t\t<div class=\"elementor-container elementor-column-gap-no\">\n\t\t\t\t\t<div class=\"elementor-column elementor-col-100 elementor-top-column elementor-element elementor-element-2e26e53\" data-id=\"2e26e53\" data-element_type=\"column\">\n\t\t\t<div class=\"elementor-widget-wrap elementor-element-populated\">\n\t\t\t\t\t\t<section class=\"elementor-section elementor-inner-section elementor-element elementor-element-0ff9a22 elementor-section-boxed elementor-section-height-default elementor-section-height-default\" data-id=\"0ff9a22\" data-element_type=\"section\" data-settings=\"{&quot;ekit_has_onepagescroll_dot&quot;:&quot;yes&quot;}\">\n\t\t\t\t\t\t<div class=\"elementor-container elementor-column-gap-default\">\n\t\t\t\t\t<div class=\"elementor-column elementor-col-50 elementor-inner-column elementor-element elementor-element-304dc61\" data-id=\"304dc61\" data-element_type=\"column\" data-settings=\"{&quot;background_background&quot;:&quot;classic&quot;}\">\n\t\t\t<div class=\"elementor-widget-wrap elementor-element-populated\">\n\t\t\t\t\t\t<div class=\"elementor-element elementor-element-15010a5 iconbox-text-center elementor-widget elementor-widget-thim-icon-box\" data-id=\"15010a5\" data-element_type=\"widget\" data-settings=\"{&quot;ekit_we_effect_on&quot;:&quot;none&quot;}\" data-widget_type=\"thim-icon-box.default\">\n\t\t\t\t<div class=\"elementor-widget-container\">\n\t\t\t<div class=\"thim-widget-icon-box\"><div class=\"wrapper-box-icon text-center \"><div class=\"smicon-box iconbox-top\"><div class=\"boxes-icon\"><span class=\"inner-icon\"><span class=\"icon\"><\/span><\/span><\/div><div class=\"content-inner\"><div class=\"sc-heading\"><h3 class=\"heading__primary\">L'Acad\u00e9mie<\/h3><\/div><div class=\"desc-icon-box\"><div class=\"desc-content\">L'Acad\u00e9mie est un point de d\u00e9part essentiel pour les candidatures s\u00e9lectives. Elle met \u00e0 profit notre expertise en mati\u00e8re d'admission pour stimuler le potentiel acad\u00e9mique des \u00e9tudiants et cr\u00e9er un environnement propice \u00e0 l'exploration et \u00e0 l'\u00e9panouissement personnel. Gr\u00e2ce \u00e0 un programme d'\u00e9tudes dispens\u00e9 en anglais et align\u00e9 sur l'ann\u00e9e scolaire, les \u00e9l\u00e8ves b\u00e9n\u00e9ficient d'exp\u00e9riences d'enrichissement cibl\u00e9es.<\/div><a class=\"smicon-read sc-btn\" href=\"https:\/\/dev.admissionaccomplie.fr\/fr\/nos-prestations\/lacademie\/\" target=\"_blank\" rel=\"nofollow\">Learn More <i class=\"fa fa-chevron-right\"><\/i><\/a><\/div><\/div><\/div><\/div><\/div>\t\t<\/div>\n\t\t\t\t<\/div>\n\t\t\t\t\t<\/div>\n\t\t<\/div>\n\t\t\t\t<div class=\"elementor-column elementor-col-50 elementor-inner-column elementor-element elementor-element-8915500\" data-id=\"8915500\" data-element_type=\"column\" data-settings=\"{&quot;background_background&quot;:&quot;classic&quot;}\">\n\t\t\t<div class=\"elementor-widget-wrap elementor-element-populated\">\n\t\t\t\t\t\t<div class=\"elementor-element elementor-element-5524e1e iconbox-text-center elementor-widget elementor-widget-thim-icon-box\" data-id=\"5524e1e\" data-element_type=\"widget\" data-settings=\"{&quot;ekit_we_effect_on&quot;:&quot;none&quot;}\" data-widget_type=\"thim-icon-box.default\">\n\t\t\t\t<div class=\"elementor-widget-container\">\n\t\t\t<div class=\"thim-widget-icon-box\"><div class=\"wrapper-box-icon text-center \"><div class=\"smicon-box iconbox-top\"><div class=\"boxes-icon\"><span class=\"inner-icon\"><span class=\"icon\"><\/span><\/span><\/div><div class=\"content-inner\"><div class=\"sc-heading\"><h3 class=\"heading__primary\">Admissions \u00e0 l'universit\u00e9<\/h3><\/div><div class=\"desc-icon-box\"><div class=\"desc-content\">Notre service d'admission international est sp\u00e9cialis\u00e9 dans les candidatures multi-destinations, guidant les \u00e9tudiants du Canada, du Royaume-Uni, des \u00c9tats-Unis et de toute l'Europe. Gr\u00e2ce \u00e0 des conseils personnalis\u00e9s et \u00e0 des strat\u00e9gies efficaces, nous assurons une navigation sans faille dans les processus d'admission internationaux, en obtenant des taux de r\u00e9ussite in\u00e9gal\u00e9s.<\/div><a class=\"smicon-read sc-btn\" href=\"https:\/\/dev.admissionaccomplie.fr\/fr\/nos-prestations\/admissions-universitaires\/\" target=\"_blank\" rel=\"nofollow\">Learn More <i class=\"fa fa-chevron-right\"><\/i><\/a><\/div><\/div><\/div><\/div><\/div>\t\t<\/div>\n\t\t\t\t<\/div>\n\t\t\t\t\t<\/div>\n\t\t<\/div>\n\t\t\t\t\t<\/div>\n\t\t<\/section>\n\t\t\t\t\t<\/div>\n\t\t<\/div>\n\t\t\t\t\t<\/div>\n\t\t<\/section>\n\t\t\t\t<\/div>\n\t\t","protected":false},"excerpt":{"rendered":"<p>NOS SERVICES Chez Admission Accomplie, notre exp\u00e9rience de plus de dix ans dans le domaine des admissions nous a conduits \u00e0 cr\u00e9er une approche holistique de la r\u00e9ussite des \u00e9tudiants. L&#8217;Acad\u00e9mie L&#8217;Acad\u00e9mie est un point de d\u00e9part essentiel pour les &hellip; <\/p>\n","protected":false},"author":1,"featured_media":0,"parent":0,"menu_order":0,"comment_status":"closed","ping_status":"closed","template":"elementor_header_footer","meta":{"footnotes":""},"class_list":["post-20131","page","type-page","status-publish","hentry"],"_links":{"self":[{"href":"https:\/\/dev.admissionaccomplie.fr\/fr\/wp-json\/wp\/v2\/pages\/20131"}],"collection":[{"href":"https:\/\/dev.admissionaccomplie.fr\/fr\/wp-json\/wp\/v2\/pages"}],"about":[{"href":"https:\/\/dev.admissionaccomplie.fr\/fr\/wp-json\/wp\/v2\/types\/page"}],"author":[{"embeddable":true,"href":"https:\/\/dev.admissionaccomplie.fr\/fr\/wp-json\/wp\/v2\/users\/1"}],"replies":[{"embeddable":true,"href":"https:\/\/dev.admissionaccomplie.fr\/fr\/wp-json\/wp\/v2\/comments?post=20131"}],"version-history":[{"count":0,"href":"https:\/\/dev.admissionaccomplie.fr\/fr\/wp-json\/wp\/v2\/pages\/20131\/revisions"}],"wp:attachment":[{"href":"https:\/\/dev.admissionaccomplie.fr\/fr\/wp-json\/wp\/v2\/media?parent=20131"}],"curies":[{"name":"wp","href":"https:\/\/api.w.org\/{rel}","templated":true}]}}